{"id":2270,"date":"2021-01-05T16:47:58","date_gmt":"2021-01-05T16:47:58","guid":{"rendered":"https:\/\/gpsites.co\/search\/?page_id=7"},"modified":"2023-10-16T14:15:56","modified_gmt":"2023-10-16T14:15:56","slug":"home","status":"publish","type":"page","link":"https:\/\/salesinfo.io\/de\/","title":{"rendered":"SalesInfo.io &#8211; Identifiziere Besucher und steigere deinen Umsatz"},"content":{"rendered":"<div class=\"gb-container gb-container-c1f1455e\"><div class=\"gb-inside-container\">\n<div class=\"gb-grid-wrapper gb-grid-wrapper-3ad94129\">\n<div class=\"gb-grid-column gb-grid-column-a9445b77\"><div class=\"gb-container gb-container-a9445b77\"><div class=\"gb-inside-container\">\n\n<h1 class=\"gb-headline gb-headline-6758775c gb-headline-text\">Identifiziere Anonyme Webseitenbesucher.<\/h1>\n\n\n\n<p class=\"has-medium-font-size\"><strong>Mehr hochwertige Leads und Umsatz generieren, indem Sie sehen, welche Unternehmen Ihre Website besuchen.<\/strong><\/p>\n\n\n<div class=\"gb-button-wrapper gb-button-wrapper-d82ba490\">\n\n<a class=\"gb-button gb-button-03be1ffa gb-button-text button\" href=\"https:\/\/app.salesinfo.io\/users\/sign_up\">Leads ansehen<\/a>\n\n<\/div>\n\n\n<p class=\"has-contrast-color has-text-color\">Noch nicht bereit? <strong><a href=\"https:\/\/calendly.com\/jan_marciniak\/15min\">Demo anfragen<\/a><\/strong><\/p>\n\n<\/div><\/div><\/div>\n\n<div class=\"gb-grid-column gb-grid-column-b646afd2\"><div class=\"gb-container gb-container-b646afd2\"><div class=\"gb-inside-container\">\n\n<figure class=\"wp-block-image size-full\"><img decoding=\"async\" loading=\"lazy\" width=\"656\" height=\"623\" src=\"http:\/\/salesinfo.io\/de\/wp-content\/uploads\/sites\/2\/2023\/09\/identifiziere-b2b-website-leads.webp\" alt=\"\" class=\"wp-image-2515\" srcset=\"https:\/\/salesinfo.io\/de\/wp-content\/uploads\/sites\/2\/2023\/09\/identifiziere-b2b-website-leads.webp 656w, https:\/\/salesinfo.io\/de\/wp-content\/uploads\/sites\/2\/2023\/09\/identifiziere-b2b-website-leads-300x285.webp 300w\" sizes=\"(max-width: 656px) 100vw, 656px\" \/><\/figure>\n\n<\/div><\/div><\/div>\n<\/div>\n<\/div><\/div>\n\n<div class=\"gb-container gb-container-4be02b6a\"><div class=\"gb-inside-container\">\n<div class=\"gb-grid-wrapper gb-grid-wrapper-bb5d0db5\">\n<div class=\"gb-grid-column gb-grid-column-8ee422fd\"><div class=\"gb-container gb-container-8ee422fd\"><div class=\"gb-inside-container\">\n\n<figure class=\"wp-block-image size-full\"><img decoding=\"async\" loading=\"lazy\" width=\"942\" height=\"671\" src=\"https:\/\/salesinfo.io\/de\/wp-content\/uploads\/sites\/2\/2023\/09\/browser.webp\" alt=\"\" class=\"wp-image-2517\" srcset=\"https:\/\/salesinfo.io\/de\/wp-content\/uploads\/sites\/2\/2023\/09\/browser.webp 942w, https:\/\/salesinfo.io\/de\/wp-content\/uploads\/sites\/2\/2023\/09\/browser-300x214.webp 300w, https:\/\/salesinfo.io\/de\/wp-content\/uploads\/sites\/2\/2023\/09\/browser-768x547.webp 768w\" sizes=\"(max-width: 942px) 100vw, 942px\" \/><\/figure>\n\n<\/div><\/div><\/div>\n\n<div class=\"gb-grid-column gb-grid-column-b733da9b\"><div class=\"gb-container gb-container-b733da9b\"><div class=\"gb-inside-container\">\n\n<h6 class=\"has-text-color\" style=\"color:#26c485\"><strong>Was bringt SalesInfo?<\/strong><\/h6>\n\n\n\n<h2 class=\"gb-headline gb-headline-18b900c7 gb-headline-text\">Direkt auf potenzielle Kunden fokussieren<\/h2>\n\n\n\n<h6>Die meisten Webseitenbesucher verlassen deine Seite, ohne irgendetwas zu tun. Salesinfo liefert dir den Firmennamen und die Adresse von einer Vielzahl dieser anonymen Besucher. Du kannst direkt bis zu 32 % mehr B2B Leads generieren und besser an Bestandskunden verkaufen, da du siehst wof\u00fcr sich diese Interessieren.<\/h6>\n\n\n\n<p>Kostenlose Setup Durchf\u00fchrung, Leads direkt in deiner Mailbox.<\/p>\n\n<\/div><\/div><\/div>\n<\/div>\n<\/div><\/div>\n\n<div class=\"gb-container gb-container-eea0ae6f\"><div class=\"gb-inside-container\">\n\n<p class=\"gb-headline gb-headline-ece34da4\"><span class=\"gb-icon\"><svg viewBox=\"0 0 36.7 3\" xmlns=\"http:\/\/www.w3.org\/2000\/svg\"><path d=\"M0 0h36.7v3H0z\"><\/path><\/svg><\/span><span class=\"gb-headline-text\">Kundenstimmen<\/span><\/p>\n\n\n<div class=\"gb-grid-wrapper gb-grid-wrapper-0d82a0fc\">\n<div class=\"gb-grid-column gb-grid-column-d665beb7\"><div class=\"gb-container gb-container-d665beb7\"><div class=\"gb-inside-container\">\n<div class=\"gb-grid-wrapper gb-grid-wrapper-174f0cf7\">\n<div class=\"gb-grid-column gb-grid-column-187fb0a1\"><div class=\"gb-container gb-container-187fb0a1\"><div class=\"gb-inside-container\">\n<div class=\"wp-block-image is-style-rounded\">\n<figure class=\"aligncenter size-full\"><img decoding=\"async\" loading=\"lazy\" width=\"93\" height=\"93\" src=\"https:\/\/salesinfo.io\/de\/wp-content\/uploads\/sites\/2\/2023\/09\/image-8.png\" alt=\"\" class=\"wp-image-2519\"\/><\/figure><\/div>\n<\/div><\/div><\/div>\n\n<div class=\"gb-grid-column gb-grid-column-5f0587a6\"><div class=\"gb-container gb-container-5f0587a6\"><div class=\"gb-inside-container\">\n\n<p class=\"gb-headline gb-headline-ad6a6508\"><span class=\"gb-icon\"><svg viewBox=\"0 0 40 28\" xmlns=\"http:\/\/www.w3.org\/2000\/svg\"><path d=\"M30.6 28c-5.2 0-9.4-4.2-9.4-9.4C21.2 8 25.5 1 25.7.7l.5-.7H33l-.6 2C31.9 3.9 31 7.4 31 8.6v.6c2.4.1 4.6 1.1 6.3 2.8 1.7 1.8 2.7 4.1 2.7 6.6 0 5.2-4.2 9.4-9.4 9.4zM27.9 3.1c-1 2-3.6 7.7-3.6 15.5 0 3.4 2.8 6.2 6.2 6.2s6.2-2.8 6.2-6.2-2.7-6.2-6.1-6.2h-.1c-1.4 0-2-.7-2.4-1.3-.4-.7-.4-1.5-.4-2.4 0-1.2.6-3.7 1-5.5l-.8-.1zm2.7 6.1zM9.4 28C4.2 28 0 23.8 0 18.6 0 8 4.3 1 4.5.7l.4-.7h6.8l-.6 2c-.6 1.9-1.4 5.5-1.4 6.6v.6c2.4.1 4.6 1.1 6.3 2.8 1.7 1.8 2.7 4.1 2.7 6.6 0 5.2-4.2 9.4-9.3 9.4zM6.7 3.1c-1 2-3.6 7.7-3.6 15.5 0 3.4 2.8 6.2 6.2 6.2s6.2-2.8 6.2-6.2-2.7-6.2-6.1-6.2c-1.4 0-2-.7-2.4-1.3-.4-.7-.4-1.5-.4-2.4 0-1.2.6-3.7 1-5.5l-.9-.1zm2.7 6.1z\"><\/path><\/svg><\/span><\/p>\n\n\n\n<p class=\"gb-headline gb-headline-04343fba gb-headline-text\">&#8220;Ohne zus\u00e4tzlichen Aufwand haben wir unsere Kundenkontaktquote signifikant erh\u00f6ht. Das hat sich direkt positiv auf unseren Umsatz ausgewirkt.&#8221;<\/p>\n\n\n\n<p class=\"gb-headline gb-headline-8d23b4f6 gb-headline-text\"><em>\u2013 <\/em><strong>Antonia Breuell<\/strong><em> <\/em><br><em>Head of Sales, Hilpress GmbH<\/em><\/p>\n\n<\/div><\/div><\/div>\n<\/div>\n<\/div><\/div><\/div>\n\n<div class=\"gb-grid-column gb-grid-column-df13e7fa\"><div class=\"gb-container gb-container-df13e7fa\"><div class=\"gb-inside-container\">\n<div class=\"gb-grid-wrapper gb-grid-wrapper-854e7b95\">\n<div class=\"gb-grid-column gb-grid-column-4d91aa9d\"><div class=\"gb-container gb-container-4d91aa9d\"><div class=\"gb-inside-container\">\n<div class=\"wp-block-image is-style-rounded\">\n<figure class=\"aligncenter size-full\"><img decoding=\"async\" loading=\"lazy\" width=\"200\" height=\"200\" src=\"https:\/\/salesinfo.io\/de\/wp-content\/uploads\/sites\/2\/2023\/09\/image-9.png\" alt=\"\" class=\"wp-image-2520\" srcset=\"https:\/\/salesinfo.io\/de\/wp-content\/uploads\/sites\/2\/2023\/09\/image-9.png 200w, https:\/\/salesinfo.io\/de\/wp-content\/uploads\/sites\/2\/2023\/09\/image-9-150x150.png 150w\" sizes=\"(max-width: 200px) 100vw, 200px\" \/><\/figure><\/div>\n<\/div><\/div><\/div>\n\n<div class=\"gb-grid-column gb-grid-column-487fd390\"><div class=\"gb-container gb-container-487fd390\"><div class=\"gb-inside-container\">\n\n<p class=\"gb-headline gb-headline-c88b366d\"><span class=\"gb-icon\"><svg viewBox=\"0 0 40 28\" xmlns=\"http:\/\/www.w3.org\/2000\/svg\"><path d=\"M30.6 28c-5.2 0-9.4-4.2-9.4-9.4C21.2 8 25.5 1 25.7.7l.5-.7H33l-.6 2C31.9 3.9 31 7.4 31 8.6v.6c2.4.1 4.6 1.1 6.3 2.8 1.7 1.8 2.7 4.1 2.7 6.6 0 5.2-4.2 9.4-9.4 9.4zM27.9 3.1c-1 2-3.6 7.7-3.6 15.5 0 3.4 2.8 6.2 6.2 6.2s6.2-2.8 6.2-6.2-2.7-6.2-6.1-6.2h-.1c-1.4 0-2-.7-2.4-1.3-.4-.7-.4-1.5-.4-2.4 0-1.2.6-3.7 1-5.5l-.8-.1zm2.7 6.1zM9.4 28C4.2 28 0 23.8 0 18.6 0 8 4.3 1 4.5.7l.4-.7h6.8l-.6 2c-.6 1.9-1.4 5.5-1.4 6.6v.6c2.4.1 4.6 1.1 6.3 2.8 1.7 1.8 2.7 4.1 2.7 6.6 0 5.2-4.2 9.4-9.3 9.4zM6.7 3.1c-1 2-3.6 7.7-3.6 15.5 0 3.4 2.8 6.2 6.2 6.2s6.2-2.8 6.2-6.2-2.7-6.2-6.1-6.2c-1.4 0-2-.7-2.4-1.3-.4-.7-.4-1.5-.4-2.4 0-1.2.6-3.7 1-5.5l-.9-.1zm2.7 6.1z\"><\/path><\/svg><\/span><\/p>\n\n\n\n<p class=\"gb-headline gb-headline-bf5e0eaf gb-headline-text\">&#8220;Mit Salesinfo k\u00f6nnen wir genau die richtigen Unternehmen ansprechen, da sie bereits durch den Zugriff auf unsere Website Interesse an unserer Dienstleistung gezeigt haben. &#8220;<\/p>\n\n\n\n<p class=\"gb-headline gb-headline-833f8700 gb-headline-text\"><em>\u2013 <\/em><strong>Roman Kazmierski<\/strong><br><em>Account Manager, Basedremote.com<\/em><\/p>\n\n<\/div><\/div><\/div>\n<\/div>\n<\/div><\/div><\/div>\n\n<div class=\"gb-grid-column gb-grid-column-cfe4358d\"><div class=\"gb-container gb-container-cfe4358d\"><div class=\"gb-inside-container\"><\/div><\/div><\/div>\n\n<div class=\"gb-grid-column gb-grid-column-99305649\"><div class=\"gb-container gb-container-99305649\"><div class=\"gb-inside-container\"><\/div><\/div><\/div>\n<\/div>\n<\/div><\/div>\n\n<div class=\"gb-container gb-container-0cffb060\"><div class=\"gb-inside-container\">\n<div class=\"gb-grid-wrapper gb-grid-wrapper-755cf305\">\n<div class=\"gb-grid-column gb-grid-column-5d1a5e8d\"><div class=\"gb-container gb-container-5d1a5e8d\"><div class=\"gb-inside-container\">\n\n<h6 class=\"has-text-color\" style=\"color:#26c485\"><strong>Wie funktioniert SalesInfo?<\/strong><\/h6>\n\n\n\n<h2 class=\"gb-headline gb-headline-d6528c62 gb-headline-text\">So identifizieren wir Unternehmen <\/h2>\n\n\n\n<ul>\n<li><strong>Identifikation<\/strong> \u2013 Wir identifizieren Webseitenbesucher anhand \u00f6ffentlich verf\u00fcgbarer Merkmale.<\/li>\n\n\n\n<li><strong>Abgleich <\/strong>\u2013 Mithilfe unserer Datenbank und unserer dedizierten Technologie ermitteln wir aus Besuchermerkmalen zugeh\u00f6rige Unternehmen. <\/li>\n\n\n\n<li><strong>Qualifikation<\/strong> \u2013 Anhand deines Zielkundenprofils und der Kaufabsichten, qualifizieren wir den Lead.<\/li>\n\n\n\n<li><strong>Verteilen<\/strong> \u2013 Unsere t\u00e4glich aktualisierten Reports teilen wir mit dir und deinem Team.<\/li>\n<\/ul>\n\n<\/div><\/div><\/div>\n\n<div class=\"gb-grid-column gb-grid-column-1f4aab8b\"><div class=\"gb-container gb-container-1f4aab8b\"><div class=\"gb-inside-container\">\n\n<figure class=\"wp-block-image size-full\"><img decoding=\"async\" loading=\"lazy\" width=\"942\" height=\"671\" src=\"http:\/\/salesinfo.io\/de\/wp-content\/uploads\/sites\/2\/2023\/09\/b2b-leads-deutsch.webp\" alt=\"\" class=\"wp-image-2516\" srcset=\"https:\/\/salesinfo.io\/de\/wp-content\/uploads\/sites\/2\/2023\/09\/b2b-leads-deutsch.webp 942w, https:\/\/salesinfo.io\/de\/wp-content\/uploads\/sites\/2\/2023\/09\/b2b-leads-deutsch-300x214.webp 300w, https:\/\/salesinfo.io\/de\/wp-content\/uploads\/sites\/2\/2023\/09\/b2b-leads-deutsch-768x547.webp 768w\" sizes=\"(max-width: 942px) 100vw, 942px\" \/><\/figure>\n\n<\/div><\/div><\/div>\n<\/div>\n<\/div><\/div>\n\n<div class=\"gb-container gb-container-b0dc1d5f\"><div class=\"gb-inside-container\">\n\n<p class=\"gb-headline gb-headline-ebd47fe1\"><span class=\"gb-icon\"><svg viewBox=\"0 0 36.7 3\" xmlns=\"http:\/\/www.w3.org\/2000\/svg\"><path d=\"M0 0h36.7v3H0z\"><\/path><\/svg><\/span><span class=\"gb-headline-text\">So profitiert Ihr team<\/span><\/p>\n\n\n<div class=\"gb-grid-wrapper gb-grid-wrapper-6b5ab941\">\n<div class=\"gb-grid-column gb-grid-column-31128a82\"><div class=\"gb-container gb-container-31128a82\"><div class=\"gb-inside-container\">\n\n<h3 class=\"gb-headline gb-headline-8bffc53e\"><span class=\"gb-icon\"><svg aria-hidden=\"true\" role=\"img\" height=\"1em\" width=\"1em\" viewBox=\"0 0 512 512\" xmlns=\"http:\/\/www.w3.org\/2000\/svg\"><path fill=\"currentColor\" d=\"M256 8C119 8 8 119 8 256s111 248 248 248 248-111 248-248S393 8 256 8zm0 448c-110.5 0-200-89.5-200-200S145.5 56 256 56s200 89.5 200 200-89.5 200-200 200zm61.8-104.4l-84.9-61.7c-3.1-2.3-4.9-5.9-4.9-9.7V116c0-6.6 5.4-12 12-12h32c6.6 0 12 5.4 12 12v141.7l66.8 48.6c5.4 3.9 6.5 11.4 2.6 16.8L334.6 349c-3.9 5.3-11.4 6.5-16.8 2.6z\"><\/path><\/svg><\/span><span class=\"gb-headline-text\">Ergebnisse sofort<\/span><\/h3>\n\n\n\n<p>Du erh\u00e4ltst B2B Leads mit einer \u00dcbersicht \u00fcber alle Unternehmen inklusive deren Kontaktdaten, die innerhalb der letzten 24 Stunden auf deiner Website waren.<\/p>\n\n<\/div><\/div><\/div>\n\n<div class=\"gb-grid-column gb-grid-column-eb819cbd\"><div class=\"gb-container gb-container-eb819cbd\"><div class=\"gb-inside-container\">\n\n<h3 class=\"gb-headline gb-headline-645b723a\"><span class=\"gb-icon\"><svg aria-hidden=\"true\" role=\"img\" height=\"1em\" width=\"1em\" viewBox=\"0 0 448 512\" xmlns=\"http:\/\/www.w3.org\/2000\/svg\"><path fill=\"currentColor\" d=\"M448 360V24c0-13.3-10.7-24-24-24H96C43 0 0 43 0 96v320c0 53 43 96 96 96h328c13.3 0 24-10.7 24-24v-16c0-7.5-3.5-14.3-8.9-18.7-4.2-15.4-4.2-59.3 0-74.7 5.4-4.3 8.9-11.1 8.9-18.6zM128 134c0-3.3 2.7-6 6-6h212c3.3 0 6 2.7 6 6v20c0 3.3-2.7 6-6 6H134c-3.3 0-6-2.7-6-6v-20zm0 64c0-3.3 2.7-6 6-6h212c3.3 0 6 2.7 6 6v20c0 3.3-2.7 6-6 6H134c-3.3 0-6-2.7-6-6v-20zm253.4 250H96c-17.7 0-32-14.3-32-32 0-17.6 14.4-32 32-32h285.4c-1.9 17.1-1.9 46.9 0 64z\"><\/path><\/svg><\/span><span class=\"gb-headline-text\">Segmentieren<\/span><\/h3>\n\n\n\n<p>Eine strukturierte, filterbare Liste mit allen Unternehmen, die Ihre Website besucht haben. Weiterverarbeitbar in Excel oder CRMs nach deinen Anforderungen.<\/p>\n\n<\/div><\/div><\/div>\n\n<div class=\"gb-grid-column gb-grid-column-b085fb1b\"><div class=\"gb-container gb-container-b085fb1b\"><div class=\"gb-inside-container\">\n\n<h3 class=\"gb-headline gb-headline-900bdcab\"><span class=\"gb-icon\"><svg aria-hidden=\"true\" role=\"img\" height=\"1em\" width=\"1em\" viewBox=\"0 0 448 512\" xmlns=\"http:\/\/www.w3.org\/2000\/svg\"><path fill=\"currentColor\" d=\"M400 32H48C21.49 32 0 53.49 0 80v352c0 26.51 21.49 48 48 48h352c26.51 0 48-21.49 48-48V80c0-26.51-21.49-48-48-48zm0 400H48V80h352v352zm-35.864-241.724L191.547 361.48c-4.705 4.667-12.303 4.637-16.97-.068l-90.781-91.516c-4.667-4.705-4.637-12.303.069-16.971l22.719-22.536c4.705-4.667 12.303-4.637 16.97.069l59.792 60.277 141.352-140.216c4.705-4.667 12.303-4.637 16.97.068l22.536 22.718c4.667 4.706 4.637 12.304-.068 16.971z\"><\/path><\/svg><\/span><span class=\"gb-headline-text\"><strong>DSGVO-konform<\/strong><\/span><\/h3>\n\n\n\n<p>Analyse in \u00dcbereinstimmung mit allen GDPR-Anforderungen. Unsere L\u00f6sung ist GDPR\/DSGVO-konform.<\/p>\n\n<\/div><\/div><\/div>\n\n<div class=\"gb-grid-column gb-grid-column-51e976c7\"><div class=\"gb-container gb-container-51e976c7\"><div class=\"gb-inside-container\">\n\n<h3 class=\"gb-headline gb-headline-cdb2c42b\"><span class=\"gb-icon\"><svg aria-hidden=\"true\" role=\"img\" height=\"1em\" width=\"1em\" viewBox=\"0 0 512 512\" xmlns=\"http:\/\/www.w3.org\/2000\/svg\"><path fill=\"currentColor\" d=\"M493.4 24.6l-104-24c-11.3-2.6-22.9 3.3-27.5 13.9l-48 112c-4.2 9.8-1.4 21.3 6.9 28l60.6 49.6c-36 76.7-98.9 140.5-177.2 177.2l-49.6-60.6c-6.8-8.3-18.2-11.1-28-6.9l-112 48C3.9 366.5-2 378.1.6 389.4l24 104C27.1 504.2 36.7 512 48 512c256.1 0 464-207.5 464-464 0-11.2-7.7-20.9-18.6-23.4z\"><\/path><\/svg><\/span><span class=\"gb-headline-text\"><strong>Dedizierter Support<\/strong><\/span><\/h3>\n\n\n\n<p>Ein dedizierter Kundenbetreuer wird deinem Account zugewiesen und ist Ansprechpartner f\u00fcr alle Technischen- und Implementierungsfragen.<\/p>\n\n<\/div><\/div><\/div>\n<\/div>\n<\/div><\/div>\n\n<div class=\"gb-container gb-container-681a4658\"><div class=\"gb-inside-container\">\n<div class=\"gb-grid-wrapper gb-grid-wrapper-49e154f8\">\n<div class=\"gb-grid-column gb-grid-column-58a6330d\"><div class=\"gb-container gb-container-58a6330d\"><div class=\"gb-inside-container\">\n\n<p class=\"gb-headline gb-headline-0a718e45 gb-headline-text\"><strong>USED BY<\/strong><\/p>\n\n<\/div><\/div><\/div>\n\n<div class=\"gb-grid-column gb-grid-column-8f864bea\"><div class=\"gb-container gb-container-8f864bea\"><div class=\"gb-inside-container\">\n<div class=\"wp-block-image\">\n<figure class=\"aligncenter size-full\"><img decoding=\"async\" loading=\"lazy\" width=\"298\" height=\"92\" src=\"https:\/\/salesinfo.io\/de\/wp-content\/uploads\/sites\/2\/2023\/09\/hilpress-electric-customer-logo-1.webp\" alt=\"\" class=\"wp-image-2524\"\/><\/figure><\/div>\n<\/div><\/div><\/div>\n\n<div class=\"gb-grid-column gb-grid-column-1e204c71\"><div class=\"gb-container gb-container-1e204c71\"><div class=\"gb-inside-container\">\n\n<figure class=\"wp-block-image size-full\"><img decoding=\"async\" loading=\"lazy\" width=\"384\" height=\"126\" src=\"https:\/\/salesinfo.io\/de\/wp-content\/uploads\/sites\/2\/2023\/09\/basedremote-b2b-saas-customer-logo-1.webp\" alt=\"\" class=\"wp-image-2525\" srcset=\"https:\/\/salesinfo.io\/de\/wp-content\/uploads\/sites\/2\/2023\/09\/basedremote-b2b-saas-customer-logo-1.webp 384w, https:\/\/salesinfo.io\/de\/wp-content\/uploads\/sites\/2\/2023\/09\/basedremote-b2b-saas-customer-logo-1-300x98.webp 300w\" sizes=\"(max-width: 384px) 100vw, 384px\" \/><\/figure>\n\n<\/div><\/div><\/div>\n\n<div class=\"gb-grid-column gb-grid-column-ebf66660\"><div class=\"gb-container gb-container-ebf66660\"><div class=\"gb-inside-container\">\n\n<figure class=\"wp-block-image size-full\"><img decoding=\"async\" loading=\"lazy\" width=\"300\" height=\"126\" src=\"https:\/\/salesinfo.io\/de\/wp-content\/uploads\/sites\/2\/2023\/09\/bcommand-b2b-customer-logo.webp\" alt=\"\" class=\"wp-image-2526\"\/><\/figure>\n\n<\/div><\/div><\/div>\n\n<div class=\"gb-grid-column gb-grid-column-cd3d9a4e\"><div class=\"gb-container gb-container-cd3d9a4e\"><div class=\"gb-inside-container\">\n<div class=\"wp-block-image\">\n<figure class=\"aligncenter size-full\"><img decoding=\"async\" loading=\"lazy\" width=\"500\" height=\"250\" src=\"https:\/\/salesinfo.io\/de\/wp-content\/uploads\/sites\/2\/2023\/09\/intratect-b2c-customer-logo.webp\" alt=\"\" class=\"wp-image-2527\" srcset=\"https:\/\/salesinfo.io\/de\/wp-content\/uploads\/sites\/2\/2023\/09\/intratect-b2c-customer-logo.webp 500w, https:\/\/salesinfo.io\/de\/wp-content\/uploads\/sites\/2\/2023\/09\/intratect-b2c-customer-logo-300x150.webp 300w\" sizes=\"(max-width: 500px) 100vw, 500px\" \/><\/figure><\/div>\n<\/div><\/div><\/div>\n<\/div>\n<\/div><\/div>","protected":false},"excerpt":{"rendered":"<p>Kundenstimmen So profitiert Ihr team<\/p>\n","protected":false},"author":1,"featured_media":0,"parent":0,"menu_order":0,"comment_status":"closed","ping_status":"closed","template":"","meta":[],"yoast_head":"<!-- This site is optimized with the Yoast SEO plugin v16.8 - https:\/\/yoast.com\/wordpress\/plugins\/seo\/ -->\n<title>SalesInfo.io - Identifiziere Besucher und steigere deinen Umsatz - Salesinfo.io DE<\/title>\n<meta name=\"robots\" content=\"index, follow, max-snippet:-1, max-image-preview:large, max-video-preview:-1\" \/>\n<link rel=\"canonical\" href=\"https:\/\/salesinfo.io\/de\/\" \/>\n<meta property=\"og:locale\" content=\"en_US\" \/>\n<meta property=\"og:type\" content=\"article\" \/>\n<meta property=\"og:title\" content=\"SalesInfo.io - Identifiziere Besucher und steigere deinen Umsatz - Salesinfo.io DE\" \/>\n<meta property=\"og:description\" content=\"Kundenstimmen So profitiert Ihr team\" \/>\n<meta property=\"og:url\" content=\"https:\/\/salesinfo.io\/de\/\" \/>\n<meta property=\"og:site_name\" content=\"Salesinfo.io DE\" \/>\n<meta property=\"article:modified_time\" content=\"2023-10-16T14:15:56+00:00\" \/>\n<meta property=\"og:image\" content=\"http:\/\/salesinfo.io\/de\/wp-content\/uploads\/sites\/2\/2023\/09\/identifiziere-b2b-website-leads.webp\" \/>\n<meta name=\"twitter:card\" content=\"summary_large_image\" \/>\n<meta name=\"twitter:label1\" content=\"Est. reading time\" \/>\n\t<meta name=\"twitter:data1\" content=\"4 minutes\" \/>\n<script type=\"application\/ld+json\" class=\"yoast-schema-graph\">{\"@context\":\"https:\/\/schema.org\",\"@graph\":[{\"@type\":\"WebSite\",\"@id\":\"http:\/\/salesinfo.io\/de\/#website\",\"url\":\"http:\/\/salesinfo.io\/de\/\",\"name\":\"Salesinfo.io DE\",\"description\":\"B2B Leads Auto-Identifiziert\",\"potentialAction\":[{\"@type\":\"SearchAction\",\"target\":{\"@type\":\"EntryPoint\",\"urlTemplate\":\"http:\/\/salesinfo.io\/de\/?s={search_term_string}\"},\"query-input\":\"required name=search_term_string\"}],\"inLanguage\":\"en-US\"},{\"@type\":\"ImageObject\",\"@id\":\"https:\/\/salesinfo.io\/de\/#primaryimage\",\"inLanguage\":\"en-US\",\"url\":\"http:\/\/salesinfo.io\/de\/wp-content\/uploads\/sites\/2\/2023\/09\/identifiziere-b2b-website-leads.webp\",\"contentUrl\":\"http:\/\/salesinfo.io\/de\/wp-content\/uploads\/sites\/2\/2023\/09\/identifiziere-b2b-website-leads.webp\"},{\"@type\":\"WebPage\",\"@id\":\"https:\/\/salesinfo.io\/de\/#webpage\",\"url\":\"https:\/\/salesinfo.io\/de\/\",\"name\":\"SalesInfo.io - Identifiziere Besucher und steigere deinen Umsatz - Salesinfo.io DE\",\"isPartOf\":{\"@id\":\"http:\/\/salesinfo.io\/de\/#website\"},\"primaryImageOfPage\":{\"@id\":\"https:\/\/salesinfo.io\/de\/#primaryimage\"},\"datePublished\":\"2021-01-05T16:47:58+00:00\",\"dateModified\":\"2023-10-16T14:15:56+00:00\",\"breadcrumb\":{\"@id\":\"https:\/\/salesinfo.io\/de\/#breadcrumb\"},\"inLanguage\":\"en-US\",\"potentialAction\":[{\"@type\":\"ReadAction\",\"target\":[\"https:\/\/salesinfo.io\/de\/\"]}]},{\"@type\":\"BreadcrumbList\",\"@id\":\"https:\/\/salesinfo.io\/de\/#breadcrumb\",\"itemListElement\":[{\"@type\":\"ListItem\",\"position\":1,\"name\":\"Home\",\"item\":\"https:\/\/salesinfo.io\/de\/\"},{\"@type\":\"ListItem\",\"position\":2,\"name\":\"SalesInfo.io &#8211; Identifiziere Besucher und steigere deinen Umsatz\"}]}]}<\/script>\n<!-- \/ Yoast SEO plugin. -->","yoast_head_json":{"title":"SalesInfo.io - Identifiziere Besucher und steigere deinen Umsatz - Salesinfo.io DE","robots":{"index":"index","follow":"follow","max-snippet":"max-snippet:-1","max-image-preview":"max-image-preview:large","max-video-preview":"max-video-preview:-1"},"canonical":"https:\/\/salesinfo.io\/de\/","og_locale":"en_US","og_type":"article","og_title":"SalesInfo.io - Identifiziere Besucher und steigere deinen Umsatz - Salesinfo.io DE","og_description":"Kundenstimmen So profitiert Ihr team","og_url":"https:\/\/salesinfo.io\/de\/","og_site_name":"Salesinfo.io DE","article_modified_time":"2023-10-16T14:15:56+00:00","og_image":[{"url":"http:\/\/salesinfo.io\/de\/wp-content\/uploads\/sites\/2\/2023\/09\/identifiziere-b2b-website-leads.webp"}],"twitter_card":"summary_large_image","twitter_misc":{"Est. reading time":"4 minutes"},"schema":{"@context":"https:\/\/schema.org","@graph":[{"@type":"WebSite","@id":"http:\/\/salesinfo.io\/de\/#website","url":"http:\/\/salesinfo.io\/de\/","name":"Salesinfo.io DE","description":"B2B Leads Auto-Identifiziert","potentialAction":[{"@type":"SearchAction","target":{"@type":"EntryPoint","urlTemplate":"http:\/\/salesinfo.io\/de\/?s={search_term_string}"},"query-input":"required name=search_term_string"}],"inLanguage":"en-US"},{"@type":"ImageObject","@id":"https:\/\/salesinfo.io\/de\/#primaryimage","inLanguage":"en-US","url":"http:\/\/salesinfo.io\/de\/wp-content\/uploads\/sites\/2\/2023\/09\/identifiziere-b2b-website-leads.webp","contentUrl":"http:\/\/salesinfo.io\/de\/wp-content\/uploads\/sites\/2\/2023\/09\/identifiziere-b2b-website-leads.webp"},{"@type":"WebPage","@id":"https:\/\/salesinfo.io\/de\/#webpage","url":"https:\/\/salesinfo.io\/de\/","name":"SalesInfo.io - Identifiziere Besucher und steigere deinen Umsatz - Salesinfo.io DE","isPartOf":{"@id":"http:\/\/salesinfo.io\/de\/#website"},"primaryImageOfPage":{"@id":"https:\/\/salesinfo.io\/de\/#primaryimage"},"datePublished":"2021-01-05T16:47:58+00:00","dateModified":"2023-10-16T14:15:56+00:00","breadcrumb":{"@id":"https:\/\/salesinfo.io\/de\/#breadcrumb"},"inLanguage":"en-US","potentialAction":[{"@type":"ReadAction","target":["https:\/\/salesinfo.io\/de\/"]}]},{"@type":"BreadcrumbList","@id":"https:\/\/salesinfo.io\/de\/#breadcrumb","itemListElement":[{"@type":"ListItem","position":1,"name":"Home","item":"https:\/\/salesinfo.io\/de\/"},{"@type":"ListItem","position":2,"name":"SalesInfo.io &#8211; Identifiziere Besucher und steigere deinen Umsatz"}]}]}},"_links":{"self":[{"href":"https:\/\/salesinfo.io\/de\/wp-json\/wp\/v2\/pages\/2270"}],"collection":[{"href":"https:\/\/salesinfo.io\/de\/wp-json\/wp\/v2\/pages"}],"about":[{"href":"https:\/\/salesinfo.io\/de\/wp-json\/wp\/v2\/types\/page"}],"author":[{"embeddable":true,"href":"https:\/\/salesinfo.io\/de\/wp-json\/wp\/v2\/users\/1"}],"replies":[{"embeddable":true,"href":"https:\/\/salesinfo.io\/de\/wp-json\/wp\/v2\/comments?post=2270"}],"version-history":[{"count":12,"href":"https:\/\/salesinfo.io\/de\/wp-json\/wp\/v2\/pages\/2270\/revisions"}],"predecessor-version":[{"id":2608,"href":"https:\/\/salesinfo.io\/de\/wp-json\/wp\/v2\/pages\/2270\/revisions\/2608"}],"wp:attachment":[{"href":"https:\/\/salesinfo.io\/de\/wp-json\/wp\/v2\/media?parent=2270"}],"curies":[{"name":"wp","href":"https:\/\/api.w.org\/{rel}","templated":true}]}}